{"id":9356,"date":"2014-07-10T13:06:47","date_gmt":"2014-07-10T12:06:47","guid":{"rendered":"http:\/\/www.lapsalettedebruxelles.be\/?page_id=9356"},"modified":"2026-04-02T14:03:41","modified_gmt":"2026-04-02T13:03:41","slug":"contact","status":"publish","type":"page","link":"https:\/\/www.lapsalettedebruxelles.be\/?page_id=9356","title":{"rendered":"Contact"},"content":{"rendered":"<p style=\"text-align: justify;\"><span style=\"font-size: 14pt;\">Si vous souhaitez obtenir des informations sur notre chorale,\u00a0<span lang=\"FR-BE\">n\u2019h\u00e9sitez pas \u00e0 nous contacter \u00e0 l\u2019adresse suivante :\u00a0 <a href=\"mailto:LaPsaletteDeBruxelles@gmail.com\" target=\"_blank\" rel=\"noopener noreferrer\">lapsalettedebruxelles@gmail.<wbr \/>com<\/a><\/span><\/span><\/p>\n<p style=\"text-align: justify;\"><span lang=\"FR-BE\" style=\"font-size: 14pt;\">Le conseil de chorale pour l&rsquo;ann\u00e9e acad\u00e9mique 2025-2026 est organis\u00e9 comme suit :<\/span><\/p>\n<p><span style=\"font-size: 14pt; color: #0000ff;\"><em><u>Cheffe de ch\u0153ur<\/u><\/em><\/span><\/p>\n<p><strong>Emma Barton-Smith<\/strong><\/p>\n<p><img loading=\"lazy\" decoding=\"async\" class=\"alignnone size-medium wp-image-11973\" src=\"https:\/\/www.lapsalettedebruxelles.be\/wp-content\/uploads\/2025\/06\/Photo-Emma-site-web-300x200.jpg\" alt=\"\" width=\"300\" height=\"200\" srcset=\"https:\/\/www.lapsalettedebruxelles.be\/wp-content\/uploads\/2025\/06\/Photo-Emma-site-web-300x200.jpg 300w, https:\/\/www.lapsalettedebruxelles.be\/wp-content\/uploads\/2025\/06\/Photo-Emma-site-web-1024x681.jpg 1024w, https:\/\/www.lapsalettedebruxelles.be\/wp-content\/uploads\/2025\/06\/Photo-Emma-site-web-768x511.jpg 768w, https:\/\/www.lapsalettedebruxelles.be\/wp-content\/uploads\/2025\/06\/Photo-Emma-site-web-1536x1022.jpg 1536w, https:\/\/www.lapsalettedebruxelles.be\/wp-content\/uploads\/2025\/06\/Photo-Emma-site-web-2048x1363.jpg 2048w\" sizes=\"auto, (max-width: 300px) 100vw, 300px\" \/><\/p>\n<hr \/>\n<p><span style=\"font-size: 14pt;\"><em><span style=\"color: #0000ff;\"><u>Co-pr\u00e9sidentes<\/u>\u00a0:<\/span> <\/em>Marie-Alice Gohy &amp; Elisabeth Viriot<br \/>\n<\/span><\/p>\n<p><span style=\"font-size: 14pt;\"><span style=\"color: #0000ff;\"><em><u>Tr\u00e9sorerie <\/u>:<\/em><\/span> Alain Strebelle<\/span><\/p>\n<p><span style=\"font-size: 14pt;\"><span style=\"color: #0000ff;\"><em><u>Secr\u00e9taire<\/u>\u00a0:<\/em>\u00a0<\/span>Marie-Claire Doucet<\/span><\/p>\n<p><span style=\"font-size: 14pt;\"><span style=\"color: #0000ff;\"><em><u>Conseillers\/Accueil des choristes et Gestion photos\/vid\u00e9os<\/u>\u00a0: <\/em><\/span>Anne et Andr\u00e9 Georges<\/span><\/p>\n<p><span style=\"font-size: 14pt;\"><span style=\"text-decoration: underline; color: #0000ff;\"><em>Conseill\u00e8res\u00a0<\/em><\/span>: Dominique Sonet et Marie-No\u00eblle Josseaux<\/span><\/p>\n<p><span style=\"font-size: 14pt;\"><span style=\"color: #0000ff;\"><em><u>Contr\u00f4leuse aux comptes<\/u>\u00a0:<\/em><\/span> Sophie Busson<\/span><\/p>\n<p><span style=\"font-size: 14pt;\"><span style=\"text-decoration: underline; color: #0000ff;\"><em>Webmaster<\/em><\/span><span style=\"color: #000000;\"><em> :<\/em><\/span> Marc Vandiepenbeeck<\/span><\/p>\n<p><span style=\"font-size: 14pt;\"><span style=\"color: #0000ff;\"><em><span style=\"text-decoration: underline;\">Gestion de l&rsquo;adresse mail :<\/span><\/em><\/span> Martine Van Bever<\/span><\/p>\n","protected":false},"excerpt":{"rendered":"<p>Si vous souhaitez obtenir des informations sur notre chorale,\u00a0n\u2019h\u00e9sitez pas \u00e0 nous contacter \u00e0 l\u2019adresse suivante :\u00a0 lapsalettedebruxelles@gmail.<br \/>com Le conseil de chorale pour l&rsquo;ann\u00e9e acad\u00e9mique 2025-2026 est organis\u00e9 comme suit : Cheffe de ch\u0153ur Emma Barton-Smith Co-pr\u00e9sidentes\u00a0: Marie-Alice Gohy &amp; Elisabeth Viriot Tr\u00e9sorerie : Alain Strebelle Secr\u00e9taire\u00a0:\u00a0Marie-Claire Doucet Conseillers\/Accueil des choristes et Gestion photos\/vid\u00e9os\u00a0: Anne[\u2026]<\/p>\n","protected":false},"author":1,"featured_media":0,"parent":0,"menu_order":5,"comment_status":"open","ping_status":"open","template":"","meta":{"remove_blocks_before_content":false,"remove_blocks_after_content":false,"disable_reading_progress_bar":false,"_crdt_document":"","footnotes":""},"class_list":["post-9356","page","type-page","status-publish","hentry"],"_links":{"self":[{"href":"https:\/\/www.lapsalettedebruxelles.be\/index.php?rest_route=\/wp\/v2\/pages\/9356","targetHints":{"allow":["GET"]}}],"collection":[{"href":"https:\/\/www.lapsalettedebruxelles.be\/index.php?rest_route=\/wp\/v2\/pages"}],"about":[{"href":"https:\/\/www.lapsalettedebruxelles.be\/index.php?rest_route=\/wp\/v2\/types\/page"}],"author":[{"embeddable":true,"href":"https:\/\/www.lapsalettedebruxelles.be\/index.php?rest_route=\/wp\/v2\/users\/1"}],"replies":[{"embeddable":true,"href":"https:\/\/www.lapsalettedebruxelles.be\/index.php?rest_route=%2Fwp%2Fv2%2Fcomments&post=9356"}],"version-history":[{"count":36,"href":"https:\/\/www.lapsalettedebruxelles.be\/index.php?rest_route=\/wp\/v2\/pages\/9356\/revisions"}],"predecessor-version":[{"id":12011,"href":"https:\/\/www.lapsalettedebruxelles.be\/index.php?rest_route=\/wp\/v2\/pages\/9356\/revisions\/12011"}],"wp:attachment":[{"href":"https:\/\/www.lapsalettedebruxelles.be\/index.php?rest_route=%2Fwp%2Fv2%2Fmedia&parent=9356"}],"curies":[{"name":"wp","href":"https:\/\/api.w.org\/{rel}","templated":true}]}}