{"id":9116,"date":"2014-07-09T20:05:00","date_gmt":"2014-07-09T19:05:00","guid":{"rendered":"http:\/\/www.lapsalettedebruxelles.be\/?page_id=9116"},"modified":"2026-04-09T14:16:46","modified_gmt":"2026-04-09T13:16:46","slug":"notre-chef","status":"publish","type":"page","link":"https:\/\/www.lapsalettedebruxelles.be\/?page_id=9116","title":{"rendered":"Notre cheffe"},"content":{"rendered":"<h3><\/h3>\n<table>\n<tbody>\n<tr>\n<td width=\"395\"><\/td>\n<td width=\"325\"><\/td>\n<\/tr>\n<\/tbody>\n<\/table>\n<p><strong><u>Emma Barton-Smith<\/u><\/strong><\/p>\n<p><img loading=\"lazy\" decoding=\"async\" class=\"alignnone wp-image-11973\" src=\"https:\/\/www.lapsalettedebruxelles.be\/wp-content\/uploads\/2025\/06\/Photo-Emma-site-web-1024x681.jpg\" alt=\"\" width=\"132\" height=\"88\" srcset=\"https:\/\/www.lapsalettedebruxelles.be\/wp-content\/uploads\/2025\/06\/Photo-Emma-site-web-1024x681.jpg 1024w, https:\/\/www.lapsalettedebruxelles.be\/wp-content\/uploads\/2025\/06\/Photo-Emma-site-web-300x200.jpg 300w, https:\/\/www.lapsalettedebruxelles.be\/wp-content\/uploads\/2025\/06\/Photo-Emma-site-web-768x511.jpg 768w, https:\/\/www.lapsalettedebruxelles.be\/wp-content\/uploads\/2025\/06\/Photo-Emma-site-web-1536x1022.jpg 1536w, https:\/\/www.lapsalettedebruxelles.be\/wp-content\/uploads\/2025\/06\/Photo-Emma-site-web-2048x1363.jpg 2048w\" sizes=\"auto, (max-width: 132px) 100vw, 132px\" \/><\/p>\n<p><span style=\"font-size: 14pt;\">D\u2019origine anglaise et hongkongaise, c\u2019est en septembre 2023 que Emma a entam\u00e9 ses \u00e9tudes de chant classique au conservatoire de Namur (IMEP) chez Elise G\u00e4bele et Ana-Camelia Stefanescu, qu\u2019elle poursuit aujourd\u2019hui au Conservatoire Royal d\u2019Anvers chez Mich\u00e8le Losier. Elle s\u2019est lanc\u00e9e d\u00e9but2023 dans la direction de la chorale Nuovo Marco, membre de la R\u00e9gionale ACJ de Bruxelles, et continue \u00e0 se former chez Luc Anthonis \u00e0 son conservatoire actuel. Emma a pu faire partie de l\u2019atelier \u00ab Direction \u00bb (niveau avanc\u00e9) de l\u2019acad\u00e9mie d\u2019\u00e9t\u00e9 d\u2019ACJ l\u2019ann\u00e9e pass\u00e9e sous la coordination de Jo\u00ebl<\/span><br \/>\n<span style=\"font-size: 14pt;\">Hurard et Pierre-Line Maire. Depuis septembre, elle a repris en plus la direction de la chorale internationale Pure Singing Choir \u00e0 Bruxelles et aura le plaisir, \u00e0 partir de 2025, de diriger La Psalette en collaboration avec Charlotte Panouklia.<\/span><br \/>\n<span style=\"font-size: 14pt;\">Au-del\u00e0 de la direction, Emma est active au sein de plusieurs projets de ch\u0153ur, dont notamment le Brussels Chamber Choir sous la direction de Helen Cassano, et a \u00e9galement obtenu depuis peu son master en droit \u00e0 l&rsquo;Universit\u00e9 catholique de Louvain-la-Neuve. Emma se trouve r\u00e9guli\u00e8rement sollicit\u00e9e en tant que soliste soprano, plus r\u00e9cemment avec les Minimes Cantat \u00e0 Bruxelles, et jouera son premier r\u00f4le d\u2019op\u00e9ra, Servilia dans La Clemenza di Tito de Mozart, au sein d\u2019une production de son conservatoire.<\/span><\/p>\n","protected":false},"excerpt":{"rendered":"<p>Emma Barton-Smith D\u2019origine anglaise et hongkongaise, c\u2019est en septembre 2023 que Emma a entam\u00e9 ses \u00e9tudes de chant classique au conservatoire de Namur (IMEP) chez Elise G\u00e4bele et Ana-Camelia Stefanescu, qu\u2019elle poursuit aujourd\u2019hui au Conservatoire Royal d\u2019Anvers chez Mich\u00e8le Losier.<br \/> Elle s\u2019est lanc\u00e9e d\u00e9but2023 dans la direction de la chorale Nuovo Marco, membre de la[\u2026]<\/p>\n","protected":false},"author":1,"featured_media":0,"parent":5981,"menu_order":0,"comment_status":"open","ping_status":"open","template":"","meta":{"remove_blocks_before_content":false,"remove_blocks_after_content":false,"disable_reading_progress_bar":false,"_crdt_document":"","footnotes":""},"class_list":["post-9116","page","type-page","status-publish","hentry"],"_links":{"self":[{"href":"https:\/\/www.lapsalettedebruxelles.be\/index.php?rest_route=\/wp\/v2\/pages\/9116","targetHints":{"allow":["GET"]}}],"collection":[{"href":"https:\/\/www.lapsalettedebruxelles.be\/index.php?rest_route=\/wp\/v2\/pages"}],"about":[{"href":"https:\/\/www.lapsalettedebruxelles.be\/index.php?rest_route=\/wp\/v2\/types\/page"}],"author":[{"embeddable":true,"href":"https:\/\/www.lapsalettedebruxelles.be\/index.php?rest_route=\/wp\/v2\/users\/1"}],"replies":[{"embeddable":true,"href":"https:\/\/www.lapsalettedebruxelles.be\/index.php?rest_route=%2Fwp%2Fv2%2Fcomments&post=9116"}],"version-history":[{"count":14,"href":"https:\/\/www.lapsalettedebruxelles.be\/index.php?rest_route=\/wp\/v2\/pages\/9116\/revisions"}],"predecessor-version":[{"id":12100,"href":"https:\/\/www.lapsalettedebruxelles.be\/index.php?rest_route=\/wp\/v2\/pages\/9116\/revisions\/12100"}],"up":[{"embeddable":true,"href":"https:\/\/www.lapsalettedebruxelles.be\/index.php?rest_route=\/wp\/v2\/pages\/5981"}],"wp:attachment":[{"href":"https:\/\/www.lapsalettedebruxelles.be\/index.php?rest_route=%2Fwp%2Fv2%2Fmedia&parent=9116"}],"curies":[{"name":"wp","href":"https:\/\/api.w.org\/{rel}","templated":true}]}}