{"id":11154,"date":"2020-02-03T12:28:16","date_gmt":"2020-02-03T11:28:16","guid":{"rendered":"https:\/\/www.lapsalettedebruxelles.be\/?page_id=11154"},"modified":"2026-04-11T16:53:17","modified_gmt":"2026-04-11T15:53:17","slug":"accueil","status":"publish","type":"page","link":"https:\/\/www.lapsalettedebruxelles.be\/","title":{"rendered":"Accueil"},"content":{"rendered":"<div class=\"ead-preview\"><div class=\"ead-document\" style=\"position: relative;padding-top: 90%;\"><div class=\"ead-iframe-wrapper\"><iframe src=\"\/\/docs.google.com\/viewer?url=https%3A%2F%2Fwww.lapsalettedebruxelles.be%2Fwp-content%2Fuploads%2F2026%2F04%2FAFFICHE-CONCERT-LA-PSALETTE-EN-A3.pdf&amp;embedded=true&amp;hl=en\" title=\"Document embarqu\u00e9\" class=\"ead-iframe\" style=\"width: 100%;height: 100%;border: none;position: absolute;left: 0;top: 0;visibility: hidden;\"><\/iframe><\/div>\t\t\t<div class=\"ead-document-loading\" style=\"width:100%;height:100%;position:absolute;left:0;top:0;z-index:10;\">\n\t\t\t\t<div class=\"ead-loading-wrap\">\n\t\t\t\t\t<div class=\"ead-loading-main\">\n\t\t\t\t\t\t<div class=\"ead-loading\">\n\t\t\t\t\t\t\t<img loading=\"lazy\" decoding=\"async\" src=\"https:\/\/www.lapsalettedebruxelles.be\/wp-content\/plugins\/embed-any-document\/images\/loading.svg\" width=\"55\" height=\"55\" alt=\"Chargeur\">\n\t\t\t\t\t\t\t<span>En cours de chargement&hellip;<\/span>\n\t\t\t\t\t\t<\/div>\n\t\t\t\t\t<\/div>\n\t\t\t\t\t<div class=\"ead-loading-foot\">\n\t\t\t\t\t\t<div class=\"ead-loading-foot-title\">\n\t\t\t\t\t\t\t<img loading=\"lazy\" decoding=\"async\" src=\"https:\/\/www.lapsalettedebruxelles.be\/wp-content\/plugins\/embed-any-document\/images\/EAD-logo.svg\" alt=\"Logo EAD\" width=\"36\" height=\"23\"\/>\n\t\t\t\t\t\t\t<span>Cela prend trop de temps\u00a0?<\/span>\n\t\t\t\t\t\t<\/div>\n\t\t\t\t\t\t<p>\n\t\t\t\t\t\t\t<div class=\"ead-document-btn ead-reload-btn\" role=\"button\">\n\t\t\t\t\t\t\t\t<img loading=\"lazy\" decoding=\"async\" src=\"https:\/\/www.lapsalettedebruxelles.be\/wp-content\/plugins\/embed-any-document\/images\/reload.svg\" alt=\"Recharger\" width=\"12\" height=\"12\"\/> Recharger le document\t\t\t\t\t\t\t<\/div>\n\t\t\t\t\t\t\t<span>|<\/span>\n\t\t\t\t\t\t\t<a href=\"https:\/\/www.lapsalettedebruxelles.be\/wp-content\/uploads\/2026\/04\/AFFICHE-CONCERT-LA-PSALETTE-EN-A3.pdf\" class=\"ead-document-btn\" target=\"_blank\">\n\t\t\t\t\t\t\t\t<img loading=\"lazy\" decoding=\"async\" src=\"https:\/\/www.lapsalettedebruxelles.be\/wp-content\/plugins\/embed-any-document\/images\/open.svg\" alt=\"Ouvert\" width=\"12\" height=\"12\"\/> Ouvrir dans un nouvel onglet\t\t\t\t\t\t\t<\/a>\n\t\t\t\t\t<\/div>\n\t\t\t\t<\/div>\n\t\t\t<\/div>\n\t\t<\/div><\/div>\r\n<pre class=\"bg-gray-900 text-gray-100 rounded-lg p-4 font-mono text-sm overflow-x-auto border border-gray-700\" data-pm-slice=\"1 1 []\"><img loading=\"lazy\" decoding=\"async\" class=\"alignnone size-medium wp-image-12101\" src=\"https:\/\/www.lapsalettedebruxelles.be\/wp-content\/uploads\/2026\/04\/concert-300x166.jpg\" alt=\"\" width=\"300\" height=\"166\" srcset=\"https:\/\/www.lapsalettedebruxelles.be\/wp-content\/uploads\/2026\/04\/concert-300x166.jpg 300w, https:\/\/www.lapsalettedebruxelles.be\/wp-content\/uploads\/2026\/04\/concert-1024x568.jpg 1024w, https:\/\/www.lapsalettedebruxelles.be\/wp-content\/uploads\/2026\/04\/concert-768x426.jpg 768w, https:\/\/www.lapsalettedebruxelles.be\/wp-content\/uploads\/2026\/04\/concert-1536x852.jpg 1536w, https:\/\/www.lapsalettedebruxelles.be\/wp-content\/uploads\/2026\/04\/concert-2048x1136.jpg 2048w\" sizes=\"auto, (max-width: 300px) 100vw, 300px\" \/><br \/>Pour acqu\u00e9rir des places : scannez le QR code ci-dessous ou <a href=\"https:\/\/passpass.be\/fr\/events\/1419\/camille-saint-saens-et-son-heritage-faure-et-ravel\" target=\"_blank\" rel=\"noopener\">cliquez ici<\/a><br \/><img loading=\"lazy\" decoding=\"async\" class=\"alignnone size-thumbnail wp-image-12102\" src=\"https:\/\/www.lapsalettedebruxelles.be\/wp-content\/uploads\/2026\/04\/CodeQR-150x150.png\" alt=\"\" width=\"150\" height=\"150\" srcset=\"https:\/\/www.lapsalettedebruxelles.be\/wp-content\/uploads\/2026\/04\/CodeQR-150x150.png 150w, https:\/\/www.lapsalettedebruxelles.be\/wp-content\/uploads\/2026\/04\/CodeQR-300x300.png 300w, https:\/\/www.lapsalettedebruxelles.be\/wp-content\/uploads\/2026\/04\/CodeQR.png 588w\" sizes=\"auto, (max-width: 150px) 100vw, 150px\" \/><\/pre>\r\n<p><img loading=\"lazy\" decoding=\"async\" class=\"alignnone wp-image-11988 size-full\" src=\"https:\/\/www.lapsalettedebruxelles.be\/wp-content\/uploads\/2025\/08\/2025-06-13_17-09-15-scaled.jpg\" alt=\"\" width=\"2560\" height=\"1707\" srcset=\"https:\/\/www.lapsalettedebruxelles.be\/wp-content\/uploads\/2025\/08\/2025-06-13_17-09-15-scaled.jpg 2560w, https:\/\/www.lapsalettedebruxelles.be\/wp-content\/uploads\/2025\/08\/2025-06-13_17-09-15-300x200.jpg 300w, https:\/\/www.lapsalettedebruxelles.be\/wp-content\/uploads\/2025\/08\/2025-06-13_17-09-15-1024x683.jpg 1024w, https:\/\/www.lapsalettedebruxelles.be\/wp-content\/uploads\/2025\/08\/2025-06-13_17-09-15-768x512.jpg 768w, https:\/\/www.lapsalettedebruxelles.be\/wp-content\/uploads\/2025\/08\/2025-06-13_17-09-15-1536x1024.jpg 1536w, https:\/\/www.lapsalettedebruxelles.be\/wp-content\/uploads\/2025\/08\/2025-06-13_17-09-15-2048x1365.jpg 2048w\" sizes=\"auto, (max-width: 2560px) 100vw, 2560px\" \/> <span style=\"font-size: 14pt;\">Cette nouvelle ann\u00e9e acad\u00e9mique 25-26 sera men\u00e9e par Emma Barton-Smith qui nous a concoct\u00e9 un super programme autour de :<\/span> <span style=\"font-size: 14pt;\">\u00ab Camille Saint-Sa\u00ebns et son h\u00e9ritage \u00bb En voici le d\u00e9tail :<\/span><\/p>\r\n<ol>\r\n<li><span style=\"font-size: 14pt;\">Camille SAINT-SA\u00cbNS :<\/span>\r\n<ul>\r\n<li><span style=\"font-size: 14pt;\">Requiem (ch\u0153ur, 4 solistes, orgue et 5 cordes), \u0153uvre enti\u00e8re.<\/span><\/li>\r\n<li><span style=\"font-size: 14pt;\">Ave Verum (ch\u0153ur)<\/span><\/li>\r\n<\/ul>\r\n<\/li>\r\n<li><span style=\"font-size: 14pt;\">M\u00e9lodies de Gabriel FAUR\u00c9 arrang\u00e9es pour ch\u0153ur :<\/span>\r\n<ul>\r\n<li><span style=\"font-size: 14pt;\">Le papillon et la fleur<\/span><\/li>\r\n<li><span style=\"font-size: 14pt;\">Apr\u00e8s un r\u00eave<\/span><\/li>\r\n<li><span style=\"font-size: 14pt;\">Au bord de l\u2019eau<\/span><\/li>\r\n<\/ul>\r\n<\/li>\r\n<li><span style=\"font-size: 14pt;\">Maurice RAVEL : Trois beaux oiseaux de Paradis, pour soliste et ch\u0153ur.<\/span><\/li>\r\n<\/ol>\r\n<p><span style=\"font-size: 14pt;\">La Psalette compte actuellement une cinquantaine de choristes, mais nous avons la volont\u00e9 d\u2019assurer son avenir et son dynamisme, en privil\u00e9giant les candidatures, <strong>SURTOUT <\/strong>des hommes : t\u00e9nors et basses\/barytons, mais AUSSI des sopranes et alti dont les voix ont encore quelques belles ann\u00e9es devant elles.<\/span> <span style=\"font-size: 14pt;\">Si vous vous \u00eates int\u00e9ress\u00e9s par le programme, si vous avez envie de chanter, si vous avez une \u00ab bonne oreille \u00bb, si vous chantez juste et si vous \u00eates motiv\u00e9s, nous vous accueillerons avec grand plaisir ! (m\u00eame si cela fait beaucoup de si\u2026 \ud83d\ude09)<\/span> <span style=\"font-size: 14pt;\">Emma vous fera passer une petite audition afin de cibler votre tessiture et vous placera dans le pupitre ad hoc (soprane 1 ou 2 ; alto 1 ou 2 ; t\u00e9nor 1 ou 2 ; baryton ou basse)<\/span> <span style=\"font-size: 14pt;\">La connaissance du solf\u00e8ge n\u2019est pas obligatoire, mais constitue une comp\u00e9tence tr\u00e8s appr\u00e9ci\u00e9e.<\/span> <span style=\"font-size: 14pt;\">N\u2019h\u00e9sitez pas \u00e0 envoyer un mail \u00e0 l\u2019adresse de la Psalette :<\/span> <span style=\"font-size: 14pt;\"><a href=\"mailto:lapsalettedebruxelles@gmail.com\">lapsalettedebruxelles@gmail.com<\/a> et \u00e0 consulter tous les onglets de notre site web<\/span><\/p>\r\n<hr \/>\r\n<p><span style=\"font-size: 14pt;\">Souvenir\u00a0de 2020 : chant interpr\u00e9t\u00e9 en visioconf\u00e9rence durant le confinement<\/span> <span style=\"font-size: 14pt;\"><!-- \/wp:post-content -->\r\n\r\n<!-- wp:paragraph -->\r\n\r\n<!-- wp:paragraph --><\/span><\/p>\r\n<div class=\"ose-youtube ose-uid-6a5c334ad0f95729e6ecef7a4050f0bb ose-embedpress-responsive\" style=\"width:600px; height:550px; max-height:550px; max-width:100%; display:inline-block;\" data-embed-type=\"Youtube\"><iframe loading=\"lazy\" allowFullScreen=\"true\" title=\"Ola Gjeilo-The Rose (Choeur virtuel)\" width=\"600\" height=\"550\" src=\"https:\/\/www.youtube.com\/embed\/nzhHwu0Vti8?feature=oembed&color=red&rel=0&controls=1&start=&end=&fs=0&iv_load_policy=0&autoplay=0&mute=0&modestbranding=0&cc_load_policy=1&playsinline=1\" frameborder=\"0\" allow=\"accelerometer; encrypted-media;accelerometer;autoplay;clipboard-write;gyroscope;picture-in-picture clipboard-write; encrypted-media; gyroscope; picture-in-picture; web-share\" referrerpolicy=\"strict-origin-when-cross-origin\" allowfullscreen><\/iframe><\/div>\r\n<div>\u00a0<\/div>\r\n<p><span style=\"font-size: 14pt;\"><!-- \/wp:paragraph -->\r\n\r\n<!-- wp:meta-box\/document-embedder \/--><\/span><\/p>","protected":false},"excerpt":{"rendered":"<p>\u00a0 Pour acqu\u00e9rir des places : scannez le QR code ci-dessous ou cliquez ici Cette nouvelle ann\u00e9e acad\u00e9mique 25-26 sera men\u00e9e par Emma Barton-Smith qui nous a concoct\u00e9 un super programme autour de : \u00ab Camille Saint-Sa\u00ebns et son h\u00e9ritage \u00bb En voici le d\u00e9tail : Camille SAINT-SA\u00cbNS : Requiem (ch\u0153ur, 4 solistes, orgue et[\u2026]<\/p>\n","protected":false},"author":38,"featured_media":0,"parent":0,"menu_order":0,"comment_status":"closed","ping_status":"closed","template":"","meta":{"remove_blocks_before_content":false,"remove_blocks_after_content":false,"disable_reading_progress_bar":false,"_crdt_document":"","footnotes":""},"class_list":["post-11154","page","type-page","status-publish","hentry"],"_links":{"self":[{"href":"https:\/\/www.lapsalettedebruxelles.be\/index.php?rest_route=\/wp\/v2\/pages\/11154","targetHints":{"allow":["GET"]}}],"collection":[{"href":"https:\/\/www.lapsalettedebruxelles.be\/index.php?rest_route=\/wp\/v2\/pages"}],"about":[{"href":"https:\/\/www.lapsalettedebruxelles.be\/index.php?rest_route=\/wp\/v2\/types\/page"}],"author":[{"embeddable":true,"href":"https:\/\/www.lapsalettedebruxelles.be\/index.php?rest_route=\/wp\/v2\/users\/38"}],"replies":[{"embeddable":true,"href":"https:\/\/www.lapsalettedebruxelles.be\/index.php?rest_route=%2Fwp%2Fv2%2Fcomments&post=11154"}],"version-history":[{"count":102,"href":"https:\/\/www.lapsalettedebruxelles.be\/index.php?rest_route=\/wp\/v2\/pages\/11154\/revisions"}],"predecessor-version":[{"id":12104,"href":"https:\/\/www.lapsalettedebruxelles.be\/index.php?rest_route=\/wp\/v2\/pages\/11154\/revisions\/12104"}],"wp:attachment":[{"href":"https:\/\/www.lapsalettedebruxelles.be\/index.php?rest_route=%2Fwp%2Fv2%2Fmedia&parent=11154"}],"curies":[{"name":"wp","href":"https:\/\/api.w.org\/{rel}","templated":true}]}}